{"id":89,"date":"2026-02-06T13:24:11","date_gmt":"2026-02-06T12:24:11","guid":{"rendered":"https:\/\/siti-clienti.bidesign.it\/studio-veglianti\/?page_id=89"},"modified":"2026-02-06T13:46:36","modified_gmt":"2026-02-06T12:46:36","slug":"lavora-con-noi","status":"publish","type":"page","link":"https:\/\/siti-clienti.bidesign.it\/studio-veglianti\/lavora-con-noi\/","title":{"rendered":"Lavora con noi"},"content":{"rendered":"<style>.elementor-89 .elementor-element.elementor-element-3676830{--display:flex;--min-height:100vh;--flex-direction:row;--container-widget-width:calc( ( 1 - var( --container-widget-flex-grow ) ) * 100% );--container-widget-height:100%;--container-widget-flex-grow:1;--container-widget-align-self:stretch;--flex-wrap-mobile:wrap;--justify-content:center;--align-items:center;--gap:10px 10px;--row-gap:10px;--column-gap:10px;--overlay-opacity:0.55;--margin-top:-170px;--margin-bottom:0px;--margin-left:0px;--margin-right:0px;--padding-top:75px;--padding-bottom:100px;--padding-left:0px;--padding-right:0px;}.elementor-89 .elementor-element.elementor-element-3676830:not(.elementor-motion-effects-element-type-background), .elementor-89 .elementor-element.elementor-element-3676830 > .elementor-motion-effects-container > .elementor-motion-effects-layer{background-image:url(\"https:\/\/siti-clienti.bidesign.it\/studio-veglianti\/wp-content\/uploads\/sites\/73\/2026\/02\/image-1.webp\");background-position:center center;background-size:cover;}.elementor-89 .elementor-element.elementor-element-3676830::before, .elementor-89 .elementor-element.elementor-element-3676830 > .elementor-background-video-container::before, .elementor-89 .elementor-element.elementor-element-3676830 > .e-con-inner > .elementor-background-video-container::before, .elementor-89 .elementor-element.elementor-element-3676830 > .elementor-background-slideshow::before, .elementor-89 .elementor-element.elementor-element-3676830 > .e-con-inner > .elementor-background-slideshow::before, .elementor-89 .elementor-element.elementor-element-3676830 > .elementor-motion-effects-container > .elementor-motion-effects-layer::before{--background-overlay:'';background-color:transparent;background-image:linear-gradient(0deg, #000000 0%, #3C78F0 100%);}.elementor-89 .elementor-element.elementor-element-de9066e{--display:flex;--justify-content:center;--align-items:center;--container-widget-width:calc( ( 1 - var( --container-widget-flex-grow ) ) * 100% );--gap:0px 0px;--row-gap:0px;--column-gap:0px;--margin-top:0px;--margin-bottom:0px;--margin-left:0px;--margin-right:0px;--padding-top:100px;--padding-bottom:0px;--padding-left:0px;--padding-right:0px;}.elementor-widget-heading .elementor-heading-title{font-family:var( --e-global-typography-primary-font-family ), Sans-serif;font-weight:var( --e-global-typography-primary-font-weight );color:var( --e-global-color-primary );}.elementor-89 .elementor-element.elementor-element-9055bba{text-align:center;margin:0% 0% calc(var(--kit-widget-spacing, 0px) + 0%) 0%;padding:0px 0px 0px 0px;}.elementor-89 .elementor-element.elementor-element-9055bba .elementor-heading-title{font-family:\"Poppins\", Sans-serif;font-size:60px;font-weight:600;color:#ffffff;}.elementor-widget-text-editor{font-family:var( --e-global-typography-text-font-family ), Sans-serif;font-weight:var( --e-global-typography-text-font-weight );color:var( --e-global-color-text );}.elementor-widget-text-editor.elementor-drop-cap-view-stacked .elementor-drop-cap{background-color:var( --e-global-color-primary );}.elementor-widget-text-editor.elementor-drop-cap-view-framed .elementor-drop-cap, .elementor-widget-text-editor.elementor-drop-cap-view-default .elementor-drop-cap{color:var( --e-global-color-primary );border-color:var( --e-global-color-primary );}.elementor-89 .elementor-element.elementor-element-af90760{text-align:center;font-family:\"Lora\", Sans-serif;font-size:17px;line-height:30px;color:#ffffff;margin:0px 0px calc(var(--kit-widget-spacing, 0px) + 0px) 0px;padding:40px 0px 30px 0px;}.elementor-89 .elementor-element.elementor-element-9271ed0{--display:flex;--margin-top:0px;--margin-bottom:0px;--margin-left:0px;--margin-right:0px;--padding-top:100px;--padding-bottom:0px;--padding-left:0px;--padding-right:0px;}.elementor-89 .elementor-element.elementor-element-7d668ba{text-align:start;}.elementor-89 .elementor-element.elementor-element-7d668ba .elementor-heading-title{font-family:\"Poppins\", Sans-serif;font-size:30px;font-weight:600;color:#3C78F0;}.elementor-89 .elementor-element.elementor-element-fdb831c{text-align:start;font-family:\"Lora\", Sans-serif;font-size:15px;font-weight:400;color:#000000;}.elementor-89 .elementor-element.elementor-element-8714cbe > .elementor-widget-container{margin:0px 0px 0px 0px;padding:0px 0px 100px 0px;}.elementor-89 .elementor-element.elementor-element-2cff91e{--display:flex;}.elementor-widget-divider{--divider-color:var( --e-global-color-secondary );}.elementor-widget-divider .elementor-divider__text{color:var( --e-global-color-secondary );font-family:var( --e-global-typography-secondary-font-family ), Sans-serif;font-weight:var( --e-global-typography-secondary-font-weight );}.elementor-widget-divider.elementor-view-stacked .elementor-icon{background-color:var( --e-global-color-secondary );}.elementor-widget-divider.elementor-view-framed .elementor-icon, .elementor-widget-divider.elementor-view-default .elementor-icon{color:var( --e-global-color-secondary );border-color:var( --e-global-color-secondary );}.elementor-widget-divider.elementor-view-framed .elementor-icon, .elementor-widget-divider.elementor-view-default .elementor-icon svg{fill:var( --e-global-color-secondary );}.elementor-89 .elementor-element.elementor-element-5b1f95e{--divider-border-style:solid;--divider-color:#000000;--divider-border-width:2px;}.elementor-89 .elementor-element.elementor-element-5b1f95e .elementor-divider-separator{width:100%;margin:0 auto;margin-center:0;}.elementor-89 .elementor-element.elementor-element-5b1f95e .elementor-divider{text-align:center;padding-block-start:30px;padding-block-end:30px;}:root{--page-title-display:none;}@media(min-width:768px){.elementor-89 .elementor-element.elementor-element-3676830{--content-width:1200px;}.elementor-89 .elementor-element.elementor-element-de9066e{--width:70%;}}@media(max-width:1024px) and (min-width:768px){.elementor-89 .elementor-element.elementor-element-de9066e{--width:100%;}}@media(min-width:1025px){.elementor-89 .elementor-element.elementor-element-3676830:not(.elementor-motion-effects-element-type-background), .elementor-89 .elementor-element.elementor-element-3676830 > .elementor-motion-effects-container > .elementor-motion-effects-layer{background-attachment:fixed;}}@media(max-width:1024px){.elementor-89 .elementor-element.elementor-element-3676830{--margin-top:0px;--margin-bottom:0px;--margin-left:0px;--margin-right:0px;--padding-top:15em;--padding-bottom:10em;--padding-left:2em;--padding-right:2em;}.elementor-89 .elementor-element.elementor-element-de9066e{--margin-top:0px;--margin-bottom:0px;--margin-left:0px;--margin-right:0px;}.elementor-89 .elementor-element.elementor-element-9055bba .elementor-heading-title{font-size:40px;}.elementor-89 .elementor-element.elementor-element-af90760{font-size:15px;margin:0px 0px calc(var(--kit-widget-spacing, 0px) + 0px) 0px;padding:30px 30px 30px 30px;}.elementor-89 .elementor-element.elementor-element-9271ed0{--margin-top:0px;--margin-bottom:0px;--margin-left:0px;--margin-right:0px;}.elementor-89 .elementor-element.elementor-element-7d668ba{text-align:center;}.elementor-89 .elementor-element.elementor-element-fdb831c{text-align:center;margin:0px 0px calc(var(--kit-widget-spacing, 0px) + 0px) 0px;padding:0px 30px 0px 30px;}.elementor-89 .elementor-element.elementor-element-8714cbe > .elementor-widget-container{margin:0px 0px 0px 0px;padding:0px 30px 100px 30px;}}@media(max-width:767px){.elementor-89 .elementor-element.elementor-element-3676830{--min-height:0vh;--padding-top:8em;--padding-bottom:8em;--padding-left:1em;--padding-right:1em;}.elementor-89 .elementor-element.elementor-element-de9066e{--margin-top:0px;--margin-bottom:0px;--margin-left:0px;--margin-right:0px;--padding-top:0px;--padding-bottom:0px;--padding-left:0px;--padding-right:0px;}.elementor-89 .elementor-element.elementor-element-9055bba .elementor-heading-title{font-size:30px;}.elementor-89 .elementor-element.elementor-element-9055bba{margin:0px 0px calc(var(--kit-widget-spacing, 0px) + 0px) 0px;padding:0px 0px 0px 0px;}.elementor-89 .elementor-element.elementor-element-af90760{font-size:15px;margin:0px 0px calc(var(--kit-widget-spacing, 0px) + 0px) 0px;padding:30px 20px 30px 20px;}.elementor-89 .elementor-element.elementor-element-7d668ba{text-align:center;margin:0px 0px calc(var(--kit-widget-spacing, 0px) + 0px) 0px;padding:0px 0px 0px 0px;}.elementor-89 .elementor-element.elementor-element-fdb831c{text-align:center;font-size:15px;margin:0px 0px calc(var(--kit-widget-spacing, 0px) + 0px) 0px;padding:0px 20px 0px 20px;}.elementor-89 .elementor-element.elementor-element-8714cbe > .elementor-widget-container{margin:0px 0px 0px 0px;padding:0px 25px 100px 25px;}}<\/style>\t\t<div data-elementor-type=\"wp-page\" data-elementor-id=\"89\" class=\"elementor elementor-89\" data-elementor-settings=\"{&quot;ha_cmc_init_switcher&quot;:&quot;no&quot;}\">\n\t\t\t\t<header class=\"elementor-element elementor-element-3676830 e-flex e-con-boxed wpr-particle-no wpr-jarallax-no wpr-parallax-no wpr-sticky-section-no e-con e-parent\" data-id=\"3676830\" data-element_type=\"container\" data-e-type=\"container\" data-settings=\"{&quot;background_background&quot;:&quot;classic&quot;,&quot;_ha_eqh_enable&quot;:false}\">\n\t\t\t\t\t<div class=\"e-con-inner\">\n\t\t<div class=\"elementor-element elementor-element-de9066e e-con-full e-flex wpr-particle-no wpr-jarallax-no wpr-parallax-no wpr-sticky-section-no e-con e-child\" data-id=\"de9066e\" data-element_type=\"container\" data-e-type=\"container\" data-settings=\"{&quot;_ha_eqh_enable&quot;:false}\">\n\t\t\t\t<div class=\"elementor-element elementor-element-9055bba exad-sticky-section-no exad-glass-effect-no elementor-invisible elementor-widget elementor-widget-heading\" data-id=\"9055bba\" data-element_type=\"widget\" data-e-type=\"widget\" data-settings=\"{&quot;_animation&quot;:&quot;fadeInUp&quot;}\" data-widget_type=\"heading.default\">\n\t\t\t\t\t<h1 class=\"elementor-heading-title elementor-size-default\">Lavora con noi<\/h1>\t\t\t\t<\/div>\n\t\t\t\t<div class=\"elementor-element elementor-element-af90760 exad-sticky-section-no exad-glass-effect-no elementor-invisible elementor-widget elementor-widget-text-editor\" data-id=\"af90760\" data-element_type=\"widget\" data-e-type=\"widget\" data-settings=\"{&quot;_animation&quot;:&quot;fadeIn&quot;}\" data-widget_type=\"text-editor.default\">\n\t\t\t\t\t\t\t\t\t<p>Unisciti al team di Studio Veglianti e Partners e costruisci il tuo futuro professionale in un ambiente dinamico e collaborativo. Siamo alla costante ricerca di talenti che condividano i nostri valori di eccellenza, professionalit\u00e0 e innovazione. Offriamo opportunit\u00e0 di crescita, formazione continua e la possibilit\u00e0 di lavorare a stretto contatto con professionisti esperti nel settore della consulenza fiscale, contabile e societaria.<\/p>\t\t\t\t\t\t\t\t<\/div>\n\t\t\t\t<\/div>\n\t\t\t\t\t<\/div>\n\t\t\t\t<\/header>\n\t\t<div class=\"elementor-element elementor-element-9271ed0 e-flex e-con-boxed wpr-particle-no wpr-jarallax-no wpr-parallax-no wpr-sticky-section-no e-con e-parent\" data-id=\"9271ed0\" data-element_type=\"container\" data-e-type=\"container\" data-settings=\"{&quot;_ha_eqh_enable&quot;:false}\">\n\t\t\t\t\t<div class=\"e-con-inner\">\n\t\t\t\t<div class=\"elementor-element elementor-element-7d668ba exad-sticky-section-no exad-glass-effect-no elementor-widget elementor-widget-heading\" data-id=\"7d668ba\" data-element_type=\"widget\" data-e-type=\"widget\" data-widget_type=\"heading.default\">\n\t\t\t\t\t<h2 class=\"elementor-heading-title elementor-size-default\">Candidati subito<\/h2>\t\t\t\t<\/div>\n\t\t\t\t<div class=\"elementor-element elementor-element-fdb831c exad-sticky-section-no exad-glass-effect-no elementor-widget elementor-widget-text-editor\" data-id=\"fdb831c\" data-element_type=\"widget\" data-e-type=\"widget\" data-widget_type=\"text-editor.default\">\n\t\t\t\t\t\t\t\t\t<p>Siamo sempre interessati a conoscere professionisti motivati e appassionati, pronti a contribuire al successo del nostro team. Compila il modulo sottostante per inviare la tua candidatura: valuteremo con attenzione il tuo profilo e ti contatteremo al pi\u00f9 presto!<\/p>\t\t\t\t\t\t\t\t<\/div>\n\t\t\t\t<div class=\"elementor-element elementor-element-8714cbe exad-sticky-section-no exad-glass-effect-no elementor-widget elementor-widget-wpforms\" data-id=\"8714cbe\" data-element_type=\"widget\" data-e-type=\"widget\" data-widget_type=\"wpforms.default\">\n\t\t\t\t<div class=\"elementor-widget-container\">\n\t\t\t\t\t<style id=\"wpforms-css-vars-elementor-widget-8714cbe\">\n\t\t\t\t.elementor-widget-wpforms.elementor-element-8714cbe {\n\t\t\t\t--wpforms-background-url: url( https:\/\/siti-clienti.bidesign.it\/studio-veglianti\/wp-content\/plugins\/exclusive-addons-for-elementor\/assets\/img\/placeholder.png );\n\t\t\t}\n\t\t\t<\/style>\t\t\t\t<\/div>\n\t\t\t\t<\/div>\n\t\t\t\t\t<\/div>\n\t\t\t\t<\/div>\n\t\t<div class=\"elementor-element elementor-element-2cff91e e-flex e-con-boxed wpr-particle-no wpr-jarallax-no wpr-parallax-no wpr-sticky-section-no e-con e-parent\" data-id=\"2cff91e\" data-element_type=\"container\" data-e-type=\"container\" data-settings=\"{&quot;_ha_eqh_enable&quot;:false}\">\n\t\t\t\t\t<div class=\"e-con-inner\">\n\t\t\t\t<div class=\"elementor-element elementor-element-5b1f95e elementor-widget-divider--view-line exad-sticky-section-no exad-glass-effect-no elementor-widget elementor-widget-divider\" data-id=\"5b1f95e\" data-element_type=\"widget\" data-e-type=\"widget\" data-widget_type=\"divider.default\">\n\t\t\t\t\t\t\t<div class=\"elementor-divider\">\n\t\t\t<span class=\"elementor-divider-separator\">\n\t\t\t\t\t\t<\/span>\n\t\t<\/div>\n\t\t\t\t\t\t<\/div>\n\t\t\t\t\t<\/div>\n\t\t\t\t<\/div>\n\t\t\t\t<\/div>\n\t\t","protected":false},"excerpt":{"rendered":"<p>Lavora con noi Unisciti al team di Studio Veglianti e Partners e costruisci il tuo futuro professionale in un ambiente dinamico e collaborativo. Siamo alla costante ricerca di talenti che condividano i nostri valori di eccellenza, professionalit\u00e0 e innovazione. Offriamo opportunit\u00e0 di crescita, formazione continua e la possibilit\u00e0 di lavorare a stretto contatto con professionisti esperti nel settore della consulenza fiscale, contabile e societaria. Candidati subito Siamo sempre interessati a conoscere professionisti motivati e appassionati, pronti a contribuire al successo del nostro team. Compila il modulo sottostante per inviare la tua candidatura: valuteremo con attenzione il tuo profilo e ti contatteremo al pi\u00f9 presto!<\/p>\n","protected":false},"author":1,"featured_media":0,"parent":0,"menu_order":0,"comment_status":"closed","ping_status":"closed","template":"","meta":{"site-sidebar-layout":"no-sidebar","site-content-layout":"","ast-site-content-layout":"full-width-container","site-content-style":"default","site-sidebar-style":"default","ast-global-header-display":"","ast-banner-title-visibility":"","ast-main-header-display":"","ast-hfb-above-header-display":"","ast-hfb-below-header-display":"","ast-hfb-mobile-header-display":"","site-post-title":"disabled","ast-breadcrumbs-content":"","ast-featured-img":"disabled","footer-sml-layout":"","ast-disable-related-posts":"","theme-transparent-header-meta":"","adv-header-id-meta":"","stick-header-meta":"","header-above-stick-meta":"","header-main-stick-meta":"","header-below-stick-meta":"","astra-migrate-meta-layouts":"default","ast-page-background-enabled":"default","ast-page-background-meta":{"desktop":{"background-color":"var(--ast-global-color-5)","background-image":"","background-repeat":"repeat","background-position":"center center","background-size":"auto","background-attachment":"scroll","background-type":"","background-media":"","overlay-type":"","overlay-color":"","overlay-opacity":"","overlay-gradient":""},"tablet":{"background-color":"","background-image":"","background-repeat":"repeat","background-position":"center center","background-size":"auto","background-attachment":"scroll","background-type":"","background-media":"","overlay-type":"","overlay-color":"","overlay-opacity":"","overlay-gradient":""},"mobile":{"background-color":"","background-image":"","background-repeat":"repeat","background-position":"center center","background-size":"auto","background-attachment":"scroll","background-type":"","background-media":"","overlay-type":"","overlay-color":"","overlay-opacity":"","overlay-gradient":""}},"ast-content-background-meta":{"desktop":{"background-color":"var(--ast-global-color-4)","background-image":"","background-repeat":"repeat","background-position":"center center","background-size":"auto","background-attachment":"scroll","background-type":"","background-media":"","overlay-type":"","overlay-color":"","overlay-opacity":"","overlay-gradient":""},"tablet":{"background-color":"var(--ast-global-color-4)","background-image":"","background-repeat":"repeat","background-position":"center center","background-size":"auto","background-attachment":"scroll","background-type":"","background-media":"","overlay-type":"","overlay-color":"","overlay-opacity":"","overlay-gradient":""},"mobile":{"background-color":"var(--ast-global-color-4)","background-image":"","background-repeat":"repeat","background-position":"center center","background-size":"auto","background-attachment":"scroll","background-type":"","background-media":"","overlay-type":"","overlay-color":"","overlay-opacity":"","overlay-gradient":""}},"_kadence_starter_templates_imported_post":false,"footnotes":""},"class_list":["post-89","page","type-page","status-publish","hentry"],"yoast_head":"<!-- This site is optimized with the Yoast SEO plugin v27.2 - https:\/\/yoast.com\/product\/yoast-seo-wordpress\/ -->\n<title>Lavora con noi | Studio Veglianti e Partners<\/title>\n<meta name=\"robots\" content=\"noindex, follow, max-snippet:-1, max-image-preview:large, max-video-preview:-1\" \/>\n<meta property=\"og:locale\" content=\"it_IT\" \/>\n<meta property=\"og:type\" content=\"article\" \/>\n<meta property=\"og:title\" content=\"Lavora con noi | Studio Veglianti e Partners\" \/>\n<meta property=\"og:description\" content=\"Lavora con noi Unisciti al team di Studio Veglianti e Partners e costruisci il tuo futuro professionale in un ambiente dinamico e collaborativo. Siamo alla costante ricerca di talenti che condividano i nostri valori di eccellenza, professionalit\u00e0 e innovazione. Offriamo opportunit\u00e0 di crescita, formazione continua e la possibilit\u00e0 di lavorare a stretto contatto con professionisti esperti nel settore della consulenza fiscale, contabile e societaria. Candidati subito Siamo sempre interessati a conoscere professionisti motivati e appassionati, pronti a contribuire al successo del nostro team. Compila il modulo sottostante per inviare la tua candidatura: valuteremo con attenzione il tuo profilo e ti contatteremo al pi\u00f9 presto!\" \/>\n<meta property=\"og:url\" content=\"https:\/\/siti-clienti.bidesign.it\/studio-veglianti\/lavora-con-noi\/\" \/>\n<meta property=\"og:site_name\" content=\"Studio Veglianti e Partners\" \/>\n<meta property=\"article:modified_time\" content=\"2026-02-06T12:46:36+00:00\" \/>\n<meta name=\"twitter:card\" content=\"summary_large_image\" \/>\n<meta name=\"twitter:label1\" content=\"Tempo di lettura stimato\" \/>\n\t<meta name=\"twitter:data1\" content=\"1 minuto\" \/>\n<script type=\"application\/ld+json\" class=\"yoast-schema-graph\">{\"@context\":\"https:\/\/schema.org\",\"@graph\":[{\"@type\":\"WebPage\",\"@id\":\"https:\/\/siti-clienti.bidesign.it\/studio-veglianti\/lavora-con-noi\/\",\"url\":\"https:\/\/siti-clienti.bidesign.it\/studio-veglianti\/lavora-con-noi\/\",\"name\":\"Lavora con noi | Studio Veglianti e Partners\",\"isPartOf\":{\"@id\":\"https:\/\/siti-clienti.bidesign.it\/studio-veglianti\/#website\"},\"datePublished\":\"2026-02-06T12:24:11+00:00\",\"dateModified\":\"2026-02-06T12:46:36+00:00\",\"breadcrumb\":{\"@id\":\"https:\/\/siti-clienti.bidesign.it\/studio-veglianti\/lavora-con-noi\/#breadcrumb\"},\"inLanguage\":\"it-IT\",\"potentialAction\":[{\"@type\":\"ReadAction\",\"target\":[\"https:\/\/siti-clienti.bidesign.it\/studio-veglianti\/lavora-con-noi\/\"]}]},{\"@type\":\"BreadcrumbList\",\"@id\":\"https:\/\/siti-clienti.bidesign.it\/studio-veglianti\/lavora-con-noi\/#breadcrumb\",\"itemListElement\":[{\"@type\":\"ListItem\",\"position\":1,\"name\":\"Home\",\"item\":\"https:\/\/siti-clienti.bidesign.it\/studio-veglianti\/\"},{\"@type\":\"ListItem\",\"position\":2,\"name\":\"Lavora con noi\"}]},{\"@type\":\"WebSite\",\"@id\":\"https:\/\/siti-clienti.bidesign.it\/studio-veglianti\/#website\",\"url\":\"https:\/\/siti-clienti.bidesign.it\/studio-veglianti\/\",\"name\":\"Studio Veglianti e Partners\",\"description\":\"\",\"publisher\":{\"@id\":\"https:\/\/siti-clienti.bidesign.it\/studio-veglianti\/#organization\"},\"potentialAction\":[{\"@type\":\"SearchAction\",\"target\":{\"@type\":\"EntryPoint\",\"urlTemplate\":\"https:\/\/siti-clienti.bidesign.it\/studio-veglianti\/?s={search_term_string}\"},\"query-input\":{\"@type\":\"PropertyValueSpecification\",\"valueRequired\":true,\"valueName\":\"search_term_string\"}}],\"inLanguage\":\"it-IT\"},{\"@type\":\"Organization\",\"@id\":\"https:\/\/siti-clienti.bidesign.it\/studio-veglianti\/#organization\",\"name\":\"Studio Veglianti e Partners\",\"url\":\"https:\/\/siti-clienti.bidesign.it\/studio-veglianti\/\",\"logo\":{\"@type\":\"ImageObject\",\"inLanguage\":\"it-IT\",\"@id\":\"https:\/\/siti-clienti.bidesign.it\/studio-veglianti\/#\/schema\/logo\/image\/\",\"url\":\"https:\/\/siti-clienti.bidesign.it\/studio-veglianti\/wp-content\/uploads\/sites\/73\/2026\/02\/cropped-Logo-studio-1.webp\",\"contentUrl\":\"https:\/\/siti-clienti.bidesign.it\/studio-veglianti\/wp-content\/uploads\/sites\/73\/2026\/02\/cropped-Logo-studio-1.webp\",\"width\":300,\"height\":213,\"caption\":\"Studio Veglianti e Partners\"},\"image\":{\"@id\":\"https:\/\/siti-clienti.bidesign.it\/studio-veglianti\/#\/schema\/logo\/image\/\"}}]}<\/script>\n<!-- \/ Yoast SEO plugin. -->","yoast_head_json":{"title":"Lavora con noi | Studio Veglianti e Partners","robots":{"index":"noindex","follow":"follow","max-snippet":"max-snippet:-1","max-image-preview":"max-image-preview:large","max-video-preview":"max-video-preview:-1"},"og_locale":"it_IT","og_type":"article","og_title":"Lavora con noi | Studio Veglianti e Partners","og_description":"Lavora con noi Unisciti al team di Studio Veglianti e Partners e costruisci il tuo futuro professionale in un ambiente dinamico e collaborativo. Siamo alla costante ricerca di talenti che condividano i nostri valori di eccellenza, professionalit\u00e0 e innovazione. Offriamo opportunit\u00e0 di crescita, formazione continua e la possibilit\u00e0 di lavorare a stretto contatto con professionisti esperti nel settore della consulenza fiscale, contabile e societaria. Candidati subito Siamo sempre interessati a conoscere professionisti motivati e appassionati, pronti a contribuire al successo del nostro team. Compila il modulo sottostante per inviare la tua candidatura: valuteremo con attenzione il tuo profilo e ti contatteremo al pi\u00f9 presto!","og_url":"https:\/\/siti-clienti.bidesign.it\/studio-veglianti\/lavora-con-noi\/","og_site_name":"Studio Veglianti e Partners","article_modified_time":"2026-02-06T12:46:36+00:00","twitter_card":"summary_large_image","twitter_misc":{"Tempo di lettura stimato":"1 minuto"},"schema":{"@context":"https:\/\/schema.org","@graph":[{"@type":"WebPage","@id":"https:\/\/siti-clienti.bidesign.it\/studio-veglianti\/lavora-con-noi\/","url":"https:\/\/siti-clienti.bidesign.it\/studio-veglianti\/lavora-con-noi\/","name":"Lavora con noi | Studio Veglianti e Partners","isPartOf":{"@id":"https:\/\/siti-clienti.bidesign.it\/studio-veglianti\/#website"},"datePublished":"2026-02-06T12:24:11+00:00","dateModified":"2026-02-06T12:46:36+00:00","breadcrumb":{"@id":"https:\/\/siti-clienti.bidesign.it\/studio-veglianti\/lavora-con-noi\/#breadcrumb"},"inLanguage":"it-IT","potentialAction":[{"@type":"ReadAction","target":["https:\/\/siti-clienti.bidesign.it\/studio-veglianti\/lavora-con-noi\/"]}]},{"@type":"BreadcrumbList","@id":"https:\/\/siti-clienti.bidesign.it\/studio-veglianti\/lavora-con-noi\/#breadcrumb","itemListElement":[{"@type":"ListItem","position":1,"name":"Home","item":"https:\/\/siti-clienti.bidesign.it\/studio-veglianti\/"},{"@type":"ListItem","position":2,"name":"Lavora con noi"}]},{"@type":"WebSite","@id":"https:\/\/siti-clienti.bidesign.it\/studio-veglianti\/#website","url":"https:\/\/siti-clienti.bidesign.it\/studio-veglianti\/","name":"Studio Veglianti e Partners","description":"","publisher":{"@id":"https:\/\/siti-clienti.bidesign.it\/studio-veglianti\/#organization"},"potentialAction":[{"@type":"SearchAction","target":{"@type":"EntryPoint","urlTemplate":"https:\/\/siti-clienti.bidesign.it\/studio-veglianti\/?s={search_term_string}"},"query-input":{"@type":"PropertyValueSpecification","valueRequired":true,"valueName":"search_term_string"}}],"inLanguage":"it-IT"},{"@type":"Organization","@id":"https:\/\/siti-clienti.bidesign.it\/studio-veglianti\/#organization","name":"Studio Veglianti e Partners","url":"https:\/\/siti-clienti.bidesign.it\/studio-veglianti\/","logo":{"@type":"ImageObject","inLanguage":"it-IT","@id":"https:\/\/siti-clienti.bidesign.it\/studio-veglianti\/#\/schema\/logo\/image\/","url":"https:\/\/siti-clienti.bidesign.it\/studio-veglianti\/wp-content\/uploads\/sites\/73\/2026\/02\/cropped-Logo-studio-1.webp","contentUrl":"https:\/\/siti-clienti.bidesign.it\/studio-veglianti\/wp-content\/uploads\/sites\/73\/2026\/02\/cropped-Logo-studio-1.webp","width":300,"height":213,"caption":"Studio Veglianti e Partners"},"image":{"@id":"https:\/\/siti-clienti.bidesign.it\/studio-veglianti\/#\/schema\/logo\/image\/"}}]}},"_links":{"self":[{"href":"https:\/\/siti-clienti.bidesign.it\/studio-veglianti\/wp-json\/wp\/v2\/pages\/89","targetHints":{"allow":["GET"]}}],"collection":[{"href":"https:\/\/siti-clienti.bidesign.it\/studio-veglianti\/wp-json\/wp\/v2\/pages"}],"about":[{"href":"https:\/\/siti-clienti.bidesign.it\/studio-veglianti\/wp-json\/wp\/v2\/types\/page"}],"author":[{"embeddable":true,"href":"https:\/\/siti-clienti.bidesign.it\/studio-veglianti\/wp-json\/wp\/v2\/users\/1"}],"replies":[{"embeddable":true,"href":"https:\/\/siti-clienti.bidesign.it\/studio-veglianti\/wp-json\/wp\/v2\/comments?post=89"}],"version-history":[{"count":7,"href":"https:\/\/siti-clienti.bidesign.it\/studio-veglianti\/wp-json\/wp\/v2\/pages\/89\/revisions"}],"predecessor-version":[{"id":126,"href":"https:\/\/siti-clienti.bidesign.it\/studio-veglianti\/wp-json\/wp\/v2\/pages\/89\/revisions\/126"}],"wp:attachment":[{"href":"https:\/\/siti-clienti.bidesign.it\/studio-veglianti\/wp-json\/wp\/v2\/media?parent=89"}],"curies":[{"name":"wp","href":"https:\/\/api.w.org\/{rel}","templated":true}]}}